{"id":544,"date":"2023-07-20T10:28:37","date_gmt":"2023-07-20T08:28:37","guid":{"rendered":"https:\/\/beautecharmante.fr\/terms-of-use\/"},"modified":"2025-09-23T09:34:22","modified_gmt":"2025-09-23T07:34:22","slug":"terms-of-use","status":"publish","type":"page","link":"https:\/\/beautecharmante.fr\/en\/terms-of-use\/","title":{"rendered":"Terms of use"},"content":{"rendered":"\t\t<div data-elementor-type=\"wp-page\" data-elementor-id=\"544\" class=\"elementor elementor-544 elementor-34\" data-elementor-post-type=\"page\">\n\t\t\t\t<div class=\"elementor-element elementor-element-287c9d70 e-flex e-con-boxed e-con e-parent\" data-id=\"287c9d70\" data-element_type=\"container\">\n\t\t\t\t\t<div class=\"e-con-inner\">\n\t\t\t\t<div class=\"elementor-element elementor-element-19b01f4 elementor-widget elementor-widget-heading\" data-id=\"19b01f4\" data-element_type=\"widget\" data-widget_type=\"heading.default\">\n\t\t\t\t<div class=\"elementor-widget-container\">\n\t\t\t<style>\/*! elementor - v3.21.0 - 08-05-2024 *\/\n.elementor-heading-title{padding:0;margin:0;line-height:1}.elementor-widget-heading .elementor-heading-title[class*=elementor-size-]>a{color:inherit;font-size:inherit;line-height:inherit}.elementor-widget-heading .elementor-heading-title.elementor-size-small{font-size:15px}.elementor-widget-heading .elementor-heading-title.elementor-size-medium{font-size:19px}.elementor-widget-heading .elementor-heading-title.elementor-size-large{font-size:29px}.elementor-widget-heading .elementor-heading-title.elementor-size-xl{font-size:39px}.elementor-widget-heading .elementor-heading-title.elementor-size-xxl{font-size:59px}<\/style><h1 class=\"elementor-heading-title elementor-size-default\">Terms of use<\/h1>\t\t<\/div>\n\t\t\t\t<\/div>\n\t\t\t\t<div class=\"elementor-element elementor-element-69a90e6a elementor-widget elementor-widget-text-editor\" data-id=\"69a90e6a\" data-element_type=\"widget\" data-widget_type=\"text-editor.default\">\n\t\t\t\t<div class=\"elementor-widget-container\">\n\t\t\t<style>\/*! elementor - v3.21.0 - 08-05-2024 *\/\n.elementor-widget-text-editor.elementor-drop-cap-view-stacked .elementor-drop-cap{background-color:#69727d;color:#fff}.elementor-widget-text-editor.elementor-drop-cap-view-framed .elementor-drop-cap{color:#69727d;border:3px solid;background-color:transparent}.elementor-widget-text-editor:not(.elementor-drop-cap-view-default) .elementor-drop-cap{margin-top:8px}.elementor-widget-text-editor:not(.elementor-drop-cap-view-default) .elementor-drop-cap-letter{width:1em;height:1em}.elementor-widget-text-editor .elementor-drop-cap{float:left;text-align:center;line-height:1;font-size:50px}.elementor-widget-text-editor .elementor-drop-cap-letter{display:inline-block}<\/style>\t\t\t\t\n<hr class=\"wp-block-separator has-alpha-channel-opacity is-style-wide\">\n\n\n\n<h3 class=\"wp-block-heading has-text-color\" style=\"color:#6f5990;font-style:normal;font-weight:500\"><u>1. Legal information<\/u><\/h3>\n\n\n\n<p>In accordance with the provisions of Articles 6-III and 19 of the French Law on Confidence in the Digital Economy, we inform you that this website is hosted by :<\/p>\n\n\n\n<p>OVH SAS with capital of \u20ac10,069,020<\/p>\n\n\n\n<p>RCS Lille M\u00e9tropole 424 761 419 00045<\/p>\n\n\n\n<p>APE code 2620Z<\/p>\n\n\n\n<p>VAT NO.: FR 22 424 761 419<\/p>\n\n\n\n<p>Head office: 2 rue Kellermann &#8211; 59100 Roubaix &#8211; France<\/p>\n\n\n\n<h3 class=\"wp-block-heading has-text-color\" style=\"color:#6f5990;font-style:normal;font-weight:500\"><u>2. Copyright and intellectual property<\/u><\/h3>\n\n\n\n<p>All the elements featured on our site are protected by the provisions of the French Intellectual Property Code. Consequently, any reproduction or imitation, in whole or in part, without our express prior written consent, is prohibited. <\/p>\n\n\n\n<p>It is strictly forbidden to collect and use the information available on the site for commercial purposes.<\/p>\n\n\n\n<p>This prohibition includes, but is not limited to, all editorial elements appearing on the site, the presentation of screens, the software required for operation, logos, images, photos and graphics of any kind.<\/p>\n\n\n\n<h3 class=\"wp-block-heading has-text-color\" style=\"color:#6f5990;font-style:normal;font-weight:400\"><u>3. Cookies<\/u><\/h3>\n\n\n\n<p>This website uses cookies, and the web server collects information about how our site is used. The information collected includes, for example, the date and time of visits, the number of pages viewed, and the time spent on our site. <\/p>\n\n\n\n<p>The information collected will not be used for any other purpose, and in particular will not be used for commercial purposes without your consent.<\/p>\n\n\n\n<p>Cookies are small text files that include an anonymous identifier. When you visit a website, the site asks your computer for permission to save this file in a directory on your hard disk dedicated to cookies. Each site can save its own cookie if your browser settings allow it, but, to protect your privacy, your browser only allows a site to access the cookie it has saved, and not cookies saved by other sites.  <\/p>\n\t\t\t\t\t\t<\/div>\n\t\t\t\t<\/div>\n\t\t\t\t\t<\/div>\n\t\t\t\t<\/div>\n\t\t\t\t<\/div>\n\t\t","protected":false},"excerpt":{"rendered":"<p>Terms of use 1. Legal information In accordance with the provisions of Articles 6-III and 19 of the French Law on Confidence in the Digital Economy, we inform you that this website is hosted by : OVH SAS with capital of \u20ac10,069,020 RCS Lille M\u00e9tropole 424 761 419 00045 APE code 2620Z VAT NO.: FR [&hellip;]<\/p>\n","protected":false},"author":1,"featured_media":0,"parent":0,"menu_order":0,"comment_status":"closed","ping_status":"closed","template":"","meta":{"footnotes":""},"class_list":["post-544","page","type-page","status-publish","hentry"],"yoast_head":"<!-- This site is optimized with the Yoast SEO plugin v22.6 - https:\/\/yoast.com\/wordpress\/plugins\/seo\/ -->\n<title>Terms of use - Beaut\u00e9 Charmante<\/title>\n<meta name=\"robots\" content=\"noindex, nofollow\" \/>\n<meta property=\"og:locale\" content=\"en_US\" \/>\n<meta property=\"og:type\" content=\"article\" \/>\n<meta property=\"og:title\" content=\"Terms of use - Beaut\u00e9 Charmante\" \/>\n<meta property=\"og:description\" content=\"Terms of use 1. Legal information In accordance with the provisions of Articles 6-III and 19 of the French Law on Confidence in the Digital Economy, we inform you that this website is hosted by : OVH SAS with capital of \u20ac10,069,020 RCS Lille M\u00e9tropole 424 761 419 00045 APE code 2620Z VAT NO.: FR [&hellip;]\" \/>\n<meta property=\"og:url\" content=\"https:\/\/beautecharmante.fr\/en\/terms-of-use\/\" \/>\n<meta property=\"og:site_name\" content=\"Beaut\u00e9 Charmante\" \/>\n<meta property=\"article:modified_time\" content=\"2025-09-23T07:34:22+00:00\" \/>\n<meta name=\"twitter:card\" content=\"summary_large_image\" \/>\n<meta name=\"twitter:label1\" content=\"Est. reading time\" \/>\n\t<meta name=\"twitter:data1\" content=\"1 minute\" \/>\n<script type=\"application\/ld+json\" class=\"yoast-schema-graph\">{\"@context\":\"https:\/\/schema.org\",\"@graph\":[{\"@type\":\"WebPage\",\"@id\":\"https:\/\/beautecharmante.fr\/en\/terms-of-use\/\",\"url\":\"https:\/\/beautecharmante.fr\/en\/terms-of-use\/\",\"name\":\"Terms of use - Beaut\u00e9 Charmante\",\"isPartOf\":{\"@id\":\"https:\/\/beautecharmante.fr\/en\/#website\"},\"datePublished\":\"2023-07-20T08:28:37+00:00\",\"dateModified\":\"2025-09-23T07:34:22+00:00\",\"breadcrumb\":{\"@id\":\"https:\/\/beautecharmante.fr\/en\/terms-of-use\/#breadcrumb\"},\"inLanguage\":\"en-US\",\"potentialAction\":[{\"@type\":\"ReadAction\",\"target\":[\"https:\/\/beautecharmante.fr\/en\/terms-of-use\/\"]}]},{\"@type\":\"BreadcrumbList\",\"@id\":\"https:\/\/beautecharmante.fr\/en\/terms-of-use\/#breadcrumb\",\"itemListElement\":[{\"@type\":\"ListItem\",\"position\":1,\"name\":\"Accueil\",\"item\":\"https:\/\/beautecharmante.fr\/en\/discover-all-the-secrets-to-enhance-your-natural-beauty\/\"},{\"@type\":\"ListItem\",\"position\":2,\"name\":\"Terms of use\"}]},{\"@type\":\"WebSite\",\"@id\":\"https:\/\/beautecharmante.fr\/en\/#website\",\"url\":\"https:\/\/beautecharmante.fr\/en\/\",\"name\":\"Beaut\u00e9 Charmante\",\"description\":\"R\u00e9v\u00e9lez votre \u00e9clat, inspirez votre style : Explorez la beaut\u00e9 intemporelle et la vie \u00e9panouie sur notre blog !\",\"potentialAction\":[{\"@type\":\"SearchAction\",\"target\":{\"@type\":\"EntryPoint\",\"urlTemplate\":\"https:\/\/beautecharmante.fr\/en\/?s={search_term_string}\"},\"query-input\":\"required name=search_term_string\"}],\"inLanguage\":\"en-US\"}]}<\/script>\n<!-- \/ Yoast SEO plugin. -->","yoast_head_json":{"title":"Terms of use - Beaut\u00e9 Charmante","robots":{"index":"noindex","follow":"nofollow"},"og_locale":"en_US","og_type":"article","og_title":"Terms of use - Beaut\u00e9 Charmante","og_description":"Terms of use 1. Legal information In accordance with the provisions of Articles 6-III and 19 of the French Law on Confidence in the Digital Economy, we inform you that this website is hosted by : OVH SAS with capital of \u20ac10,069,020 RCS Lille M\u00e9tropole 424 761 419 00045 APE code 2620Z VAT NO.: FR [&hellip;]","og_url":"https:\/\/beautecharmante.fr\/en\/terms-of-use\/","og_site_name":"Beaut\u00e9 Charmante","article_modified_time":"2025-09-23T07:34:22+00:00","twitter_card":"summary_large_image","twitter_misc":{"Est. reading time":"1 minute"},"schema":{"@context":"https:\/\/schema.org","@graph":[{"@type":"WebPage","@id":"https:\/\/beautecharmante.fr\/en\/terms-of-use\/","url":"https:\/\/beautecharmante.fr\/en\/terms-of-use\/","name":"Terms of use - Beaut\u00e9 Charmante","isPartOf":{"@id":"https:\/\/beautecharmante.fr\/en\/#website"},"datePublished":"2023-07-20T08:28:37+00:00","dateModified":"2025-09-23T07:34:22+00:00","breadcrumb":{"@id":"https:\/\/beautecharmante.fr\/en\/terms-of-use\/#breadcrumb"},"inLanguage":"en-US","potentialAction":[{"@type":"ReadAction","target":["https:\/\/beautecharmante.fr\/en\/terms-of-use\/"]}]},{"@type":"BreadcrumbList","@id":"https:\/\/beautecharmante.fr\/en\/terms-of-use\/#breadcrumb","itemListElement":[{"@type":"ListItem","position":1,"name":"Accueil","item":"https:\/\/beautecharmante.fr\/en\/discover-all-the-secrets-to-enhance-your-natural-beauty\/"},{"@type":"ListItem","position":2,"name":"Terms of use"}]},{"@type":"WebSite","@id":"https:\/\/beautecharmante.fr\/en\/#website","url":"https:\/\/beautecharmante.fr\/en\/","name":"Beaut\u00e9 Charmante","description":"R\u00e9v\u00e9lez votre \u00e9clat, inspirez votre style : Explorez la beaut\u00e9 intemporelle et la vie \u00e9panouie sur notre blog !","potentialAction":[{"@type":"SearchAction","target":{"@type":"EntryPoint","urlTemplate":"https:\/\/beautecharmante.fr\/en\/?s={search_term_string}"},"query-input":"required name=search_term_string"}],"inLanguage":"en-US"}]}},"_links":{"self":[{"href":"https:\/\/beautecharmante.fr\/en\/wp-json\/wp\/v2\/pages\/544","targetHints":{"allow":["GET"]}}],"collection":[{"href":"https:\/\/beautecharmante.fr\/en\/wp-json\/wp\/v2\/pages"}],"about":[{"href":"https:\/\/beautecharmante.fr\/en\/wp-json\/wp\/v2\/types\/page"}],"author":[{"embeddable":true,"href":"https:\/\/beautecharmante.fr\/en\/wp-json\/wp\/v2\/users\/1"}],"replies":[{"embeddable":true,"href":"https:\/\/beautecharmante.fr\/en\/wp-json\/wp\/v2\/comments?post=544"}],"version-history":[{"count":3,"href":"https:\/\/beautecharmante.fr\/en\/wp-json\/wp\/v2\/pages\/544\/revisions"}],"predecessor-version":[{"id":548,"href":"https:\/\/beautecharmante.fr\/en\/wp-json\/wp\/v2\/pages\/544\/revisions\/548"}],"wp:attachment":[{"href":"https:\/\/beautecharmante.fr\/en\/wp-json\/wp\/v2\/media?parent=544"}],"curies":[{"name":"wp","href":"https:\/\/api.w.org\/{rel}","templated":true}]}}