{"id":745,"date":"2023-07-20T10:28:37","date_gmt":"2023-07-20T08:28:37","guid":{"rendered":"https:\/\/beautecharmante.fr\/informacion-legal\/"},"modified":"2026-04-09T13:00:06","modified_gmt":"2026-04-09T11:00:06","slug":"informacion-legal","status":"publish","type":"page","link":"https:\/\/beautecharmante.fr\/es\/informacion-legal\/","title":{"rendered":"Informaci\u00f3n legal"},"content":{"rendered":"\t\t<div data-elementor-type=\"wp-page\" data-elementor-id=\"745\" class=\"elementor elementor-745 elementor-34\" data-elementor-post-type=\"page\">\n\t\t\t\t<div class=\"elementor-element elementor-element-287c9d70 e-flex e-con-boxed e-con e-parent\" data-id=\"287c9d70\" data-element_type=\"container\">\n\t\t\t\t\t<div class=\"e-con-inner\">\n\t\t\t\t<div class=\"elementor-element elementor-element-19b01f4 elementor-widget elementor-widget-heading\" data-id=\"19b01f4\" data-element_type=\"widget\" data-widget_type=\"heading.default\">\n\t\t\t\t<div class=\"elementor-widget-container\">\n\t\t\t<style>\/*! elementor - v3.21.0 - 08-05-2024 *\/\n.elementor-heading-title{padding:0;margin:0;line-height:1}.elementor-widget-heading .elementor-heading-title[class*=elementor-size-]>a{color:inherit;font-size:inherit;line-height:inherit}.elementor-widget-heading .elementor-heading-title.elementor-size-small{font-size:15px}.elementor-widget-heading .elementor-heading-title.elementor-size-medium{font-size:19px}.elementor-widget-heading .elementor-heading-title.elementor-size-large{font-size:29px}.elementor-widget-heading .elementor-heading-title.elementor-size-xl{font-size:39px}.elementor-widget-heading .elementor-heading-title.elementor-size-xxl{font-size:59px}<\/style><h1 class=\"elementor-heading-title elementor-size-default\">Informaci\u00f3n legal<\/h1>\t\t<\/div>\n\t\t\t\t<\/div>\n\t\t\t\t<div class=\"elementor-element elementor-element-69a90e6a elementor-widget elementor-widget-text-editor\" data-id=\"69a90e6a\" data-element_type=\"widget\" data-widget_type=\"text-editor.default\">\n\t\t\t\t<div class=\"elementor-widget-container\">\n\t\t\t<style>\/*! elementor - v3.21.0 - 08-05-2024 *\/\n.elementor-widget-text-editor.elementor-drop-cap-view-stacked .elementor-drop-cap{background-color:#69727d;color:#fff}.elementor-widget-text-editor.elementor-drop-cap-view-framed .elementor-drop-cap{color:#69727d;border:3px solid;background-color:transparent}.elementor-widget-text-editor:not(.elementor-drop-cap-view-default) .elementor-drop-cap{margin-top:8px}.elementor-widget-text-editor:not(.elementor-drop-cap-view-default) .elementor-drop-cap-letter{width:1em;height:1em}.elementor-widget-text-editor .elementor-drop-cap{float:left;text-align:center;line-height:1;font-size:50px}.elementor-widget-text-editor .elementor-drop-cap-letter{display:inline-block}<\/style>\t\t\t\t\n<hr class=\"wp-block-separator has-alpha-channel-opacity is-style-wide\">\n\n\n\n<h3 class=\"wp-block-heading has-text-color\" style=\"color:#6f5990;font-style:normal;font-weight:500\"><u>1. Informaci\u00f3n legal<\/u><\/h3>\n\n\n\n<p>De conformidad con las disposiciones de los art\u00edculos 6-III y 19 de la Ley francesa sobre la confianza en la econom\u00eda digital, te informamos de que este sitio web est\u00e1 alojado en :<\/p>\n\n\n\n<p>OVH SAS con un capital de 10.069.020 euros<\/p>\n\n\n\n<p>RCS Lille M\u00e9tropole 424 761 419 00045<\/p>\n\n\n\n<p>C\u00f3digo APE 2620Z<\/p>\n\n\n\n<p>N\u00daMERO DE IVA: FR 22 424 761 419<\/p>\n\n\n\n<p>Domicilio social: 2 rue Kellermann &#8211; 59100 Roubaix &#8211; Francia<\/p>\n\n\n\n<h3 class=\"wp-block-heading has-text-color\" style=\"color:#6f5990;font-style:normal;font-weight:500\"><u>2. Derechos de autor y propiedad intelectual<\/u><\/h3>\n\n\n\n<p>Todos los elementos de nuestro sitio est\u00e1n protegidos por las disposiciones del C\u00f3digo de la Propiedad Intelectual franc\u00e9s. En consecuencia, queda prohibida cualquier reproducci\u00f3n total o parcial de los mismos, as\u00ed como su imitaci\u00f3n, sin nuestro consentimiento expreso previo y por escrito. <\/p>\n\n\n\n<p>Est\u00e1 estrictamente prohibido recopilar y utilizar la informaci\u00f3n disponible en el sitio con fines comerciales.<\/p>\n\n\n\n<p>Esta prohibici\u00f3n incluye, entre otros, todos los elementos editoriales que aparecen en el sitio, la presentaci\u00f3n de pantallas, el software necesario para el funcionamiento, logotipos, im\u00e1genes, fotos y gr\u00e1ficos de cualquier tipo.<\/p>\n\n\n\n<h3 class=\"wp-block-heading has-text-color\" style=\"color:#6f5990;font-style:normal;font-weight:400\"><u>3. Cookies<\/u><\/h3>\n\n\n\n<p>Este sitio web utiliza cookies, y el servidor web recoge informaci\u00f3n sobre c\u00f3mo se utiliza nuestro sitio. La informaci\u00f3n recogida incluye, por ejemplo, la fecha y hora de las visitas, el n\u00famero de p\u00e1ginas vistas y el tiempo pasado en nuestro sitio. <\/p>\n\n\n\n<p>La informaci\u00f3n recopilada no se utilizar\u00e1 para ning\u00fan otro fin y, en particular, no se utilizar\u00e1 con fines comerciales sin tu permiso.<\/p>\n\n\n\n<p>Las cookies son peque\u00f1os archivos de texto que incluyen un identificador an\u00f3nimo. Cuando visitas un sitio web, el sitio pide permiso a tu ordenador para guardar este archivo en un directorio de tu disco duro dedicado a las cookies. Cada sitio puede guardar su propia cookie si la configuraci\u00f3n de tu navegador lo permite, pero para proteger tu privacidad, tu navegador s\u00f3lo permite que un sitio acceda a la cookie que ha guardado, y no a las cookies guardadas por otros sitios.  <\/p>\n\t\t\t\t\t\t<\/div>\n\t\t\t\t<\/div>\n\t\t\t\t\t<\/div>\n\t\t\t\t<\/div>\n\t\t\t\t<\/div>\n\t\t","protected":false},"excerpt":{"rendered":"<p>Informaci\u00f3n legal 1. Informaci\u00f3n legal De conformidad con las disposiciones de los art\u00edculos 6-III y 19 de la Ley francesa sobre la confianza en la econom\u00eda digital, te informamos de que este sitio web est\u00e1 alojado en : OVH SAS con un capital de 10.069.020 euros RCS Lille M\u00e9tropole 424 761 419 00045 C\u00f3digo APE [&hellip;]<\/p>\n","protected":false},"author":1,"featured_media":0,"parent":0,"menu_order":0,"comment_status":"closed","ping_status":"closed","template":"","meta":{"footnotes":""},"class_list":["post-745","page","type-page","status-publish","hentry"],"yoast_head":"<!-- This site is optimized with the Yoast SEO plugin v22.6 - https:\/\/yoast.com\/wordpress\/plugins\/seo\/ -->\n<title>Informaci\u00f3n legal - Beaut\u00e9 Charmante<\/title>\n<meta name=\"robots\" content=\"noindex, nofollow\" \/>\n<meta property=\"og:locale\" content=\"es_ES\" \/>\n<meta property=\"og:type\" content=\"article\" \/>\n<meta property=\"og:title\" content=\"Informaci\u00f3n legal - Beaut\u00e9 Charmante\" \/>\n<meta property=\"og:description\" content=\"Informaci\u00f3n legal 1. Informaci\u00f3n legal De conformidad con las disposiciones de los art\u00edculos 6-III y 19 de la Ley francesa sobre la confianza en la econom\u00eda digital, te informamos de que este sitio web est\u00e1 alojado en : OVH SAS con un capital de 10.069.020 euros RCS Lille M\u00e9tropole 424 761 419 00045 C\u00f3digo APE [&hellip;]\" \/>\n<meta property=\"og:url\" content=\"https:\/\/beautecharmante.fr\/es\/informacion-legal\/\" \/>\n<meta property=\"og:site_name\" content=\"Beaut\u00e9 Charmante\" \/>\n<meta property=\"article:modified_time\" content=\"2026-04-09T11:00:06+00:00\" \/>\n<meta name=\"twitter:card\" content=\"summary_large_image\" \/>\n<meta name=\"twitter:label1\" content=\"Tiempo de lectura\" \/>\n\t<meta name=\"twitter:data1\" content=\"2 minutos\" \/>\n<script type=\"application\/ld+json\" class=\"yoast-schema-graph\">{\"@context\":\"https:\/\/schema.org\",\"@graph\":[{\"@type\":\"WebPage\",\"@id\":\"https:\/\/beautecharmante.fr\/es\/informacion-legal\/\",\"url\":\"https:\/\/beautecharmante.fr\/es\/informacion-legal\/\",\"name\":\"Informaci\u00f3n legal - Beaut\u00e9 Charmante\",\"isPartOf\":{\"@id\":\"https:\/\/beautecharmante.fr\/es\/#website\"},\"datePublished\":\"2023-07-20T08:28:37+00:00\",\"dateModified\":\"2026-04-09T11:00:06+00:00\",\"breadcrumb\":{\"@id\":\"https:\/\/beautecharmante.fr\/es\/informacion-legal\/#breadcrumb\"},\"inLanguage\":\"es\",\"potentialAction\":[{\"@type\":\"ReadAction\",\"target\":[\"https:\/\/beautecharmante.fr\/es\/informacion-legal\/\"]}]},{\"@type\":\"BreadcrumbList\",\"@id\":\"https:\/\/beautecharmante.fr\/es\/informacion-legal\/#breadcrumb\",\"itemListElement\":[{\"@type\":\"ListItem\",\"position\":1,\"name\":\"Accueil\",\"item\":\"https:\/\/beautecharmante.fr\/es\/descubre-todos-los-secretos-para-realzar-tu-belleza-natural\/\"},{\"@type\":\"ListItem\",\"position\":2,\"name\":\"Informaci\u00f3n legal\"}]},{\"@type\":\"WebSite\",\"@id\":\"https:\/\/beautecharmante.fr\/es\/#website\",\"url\":\"https:\/\/beautecharmante.fr\/es\/\",\"name\":\"Beaut\u00e9 Charmante\",\"description\":\"R\u00e9v\u00e9lez votre \u00e9clat, inspirez votre style : Explorez la beaut\u00e9 intemporelle et la vie \u00e9panouie sur notre blog !\",\"potentialAction\":[{\"@type\":\"SearchAction\",\"target\":{\"@type\":\"EntryPoint\",\"urlTemplate\":\"https:\/\/beautecharmante.fr\/es\/?s={search_term_string}\"},\"query-input\":\"required name=search_term_string\"}],\"inLanguage\":\"es\"}]}<\/script>\n<!-- \/ Yoast SEO plugin. -->","yoast_head_json":{"title":"Informaci\u00f3n legal - Beaut\u00e9 Charmante","robots":{"index":"noindex","follow":"nofollow"},"og_locale":"es_ES","og_type":"article","og_title":"Informaci\u00f3n legal - Beaut\u00e9 Charmante","og_description":"Informaci\u00f3n legal 1. Informaci\u00f3n legal De conformidad con las disposiciones de los art\u00edculos 6-III y 19 de la Ley francesa sobre la confianza en la econom\u00eda digital, te informamos de que este sitio web est\u00e1 alojado en : OVH SAS con un capital de 10.069.020 euros RCS Lille M\u00e9tropole 424 761 419 00045 C\u00f3digo APE [&hellip;]","og_url":"https:\/\/beautecharmante.fr\/es\/informacion-legal\/","og_site_name":"Beaut\u00e9 Charmante","article_modified_time":"2026-04-09T11:00:06+00:00","twitter_card":"summary_large_image","twitter_misc":{"Tiempo de lectura":"2 minutos"},"schema":{"@context":"https:\/\/schema.org","@graph":[{"@type":"WebPage","@id":"https:\/\/beautecharmante.fr\/es\/informacion-legal\/","url":"https:\/\/beautecharmante.fr\/es\/informacion-legal\/","name":"Informaci\u00f3n legal - Beaut\u00e9 Charmante","isPartOf":{"@id":"https:\/\/beautecharmante.fr\/es\/#website"},"datePublished":"2023-07-20T08:28:37+00:00","dateModified":"2026-04-09T11:00:06+00:00","breadcrumb":{"@id":"https:\/\/beautecharmante.fr\/es\/informacion-legal\/#breadcrumb"},"inLanguage":"es","potentialAction":[{"@type":"ReadAction","target":["https:\/\/beautecharmante.fr\/es\/informacion-legal\/"]}]},{"@type":"BreadcrumbList","@id":"https:\/\/beautecharmante.fr\/es\/informacion-legal\/#breadcrumb","itemListElement":[{"@type":"ListItem","position":1,"name":"Accueil","item":"https:\/\/beautecharmante.fr\/es\/descubre-todos-los-secretos-para-realzar-tu-belleza-natural\/"},{"@type":"ListItem","position":2,"name":"Informaci\u00f3n legal"}]},{"@type":"WebSite","@id":"https:\/\/beautecharmante.fr\/es\/#website","url":"https:\/\/beautecharmante.fr\/es\/","name":"Beaut\u00e9 Charmante","description":"R\u00e9v\u00e9lez votre \u00e9clat, inspirez votre style : Explorez la beaut\u00e9 intemporelle et la vie \u00e9panouie sur notre blog !","potentialAction":[{"@type":"SearchAction","target":{"@type":"EntryPoint","urlTemplate":"https:\/\/beautecharmante.fr\/es\/?s={search_term_string}"},"query-input":"required name=search_term_string"}],"inLanguage":"es"}]}},"_links":{"self":[{"href":"https:\/\/beautecharmante.fr\/es\/wp-json\/wp\/v2\/pages\/745","targetHints":{"allow":["GET"]}}],"collection":[{"href":"https:\/\/beautecharmante.fr\/es\/wp-json\/wp\/v2\/pages"}],"about":[{"href":"https:\/\/beautecharmante.fr\/es\/wp-json\/wp\/v2\/types\/page"}],"author":[{"embeddable":true,"href":"https:\/\/beautecharmante.fr\/es\/wp-json\/wp\/v2\/users\/1"}],"replies":[{"embeddable":true,"href":"https:\/\/beautecharmante.fr\/es\/wp-json\/wp\/v2\/comments?post=745"}],"version-history":[{"count":5,"href":"https:\/\/beautecharmante.fr\/es\/wp-json\/wp\/v2\/pages\/745\/revisions"}],"predecessor-version":[{"id":755,"href":"https:\/\/beautecharmante.fr\/es\/wp-json\/wp\/v2\/pages\/745\/revisions\/755"}],"wp:attachment":[{"href":"https:\/\/beautecharmante.fr\/es\/wp-json\/wp\/v2\/media?parent=745"}],"curies":[{"name":"wp","href":"https:\/\/api.w.org\/{rel}","templated":true}]}}